{"id":3,"date":"2024-10-07T14:17:37","date_gmt":"2024-10-07T14:17:37","guid":{"rendered":"https:\/\/anthonyvernhes.fr\/?page_id=3"},"modified":"2025-04-30T06:32:32","modified_gmt":"2025-04-30T06:32:32","slug":"politique-de-confidentialite","status":"publish","type":"page","link":"https:\/\/gitesmasrigal.fr\/en\/politique-de-confidentialite\/","title":{"rendered":"Politique de confidentialit\u00e9"},"content":{"rendered":"<h3 class=\"wp-block-heading\">Politique de confidentialit\u00e9 \u2013 G\u00eetes Mas Rigal<\/h3>\n\n\n\n<hr class=\"wp-block-separator has-alpha-channel-opacity\"\/>\n\n\n\n<h4 class=\"wp-block-heading\">ARTICLE 1 : PR\u00c9AMBULE<\/h4>\n\n\n\n<p>La pr\u00e9sente politique de confidentialit\u00e9 a pour but d\u2019informer les utilisateurs du site <strong><a href=\"https:\/\/gitesmasrigal.fr\/en\/\">https:\/\/gitesmasrigal.fr\/<\/a><\/strong> :<\/p>\n\n\n\n<ul class=\"wp-block-list\">\n<li>Sur la mani\u00e8re dont sont collect\u00e9es leurs donn\u00e9es personnelles. Sont consid\u00e9r\u00e9es comme des donn\u00e9es personnelles, toute information permettant d\u2019identifier un utilisateur : nom, pr\u00e9nom, adresse, e-mail, adresse IP, etc.<\/li>\n\n\n\n<li>Sur les droits dont ils disposent concernant ces donn\u00e9es ;<\/li>\n\n\n\n<li>Sur la personne responsable du traitement des donn\u00e9es ;<\/li>\n\n\n\n<li>Sur les destinataires de ces donn\u00e9es ;<\/li>\n\n\n\n<li>Sur la politique du site en mati\u00e8re de cookies.<\/li>\n<\/ul>\n\n\n\n<p>Cette politique compl\u00e8te les mentions l\u00e9gales et les Conditions G\u00e9n\u00e9rales d\u2019Utilisation disponibles \u00e0 l\u2019adresse suivante : <a href=\"https:\/\/gitesmasrigal.fr\/en\/\">https:\/\/gitesmasrigal.fr\/<\/a><\/p>\n\n\n\n<hr class=\"wp-block-separator has-alpha-channel-opacity\"\/>\n\n\n\n<h4 class=\"wp-block-heading\">ARTICLE 2 : PRINCIPES RELATIFS \u00c0 LA COLLECTE ET AU TRAITEMENT DES DONN\u00c9ES<\/h4>\n\n\n\n<p>Conform\u00e9ment \u00e0 l\u2019article 5 du R\u00e8glement europ\u00e9en 2016\/679 (RGPD), les donn\u00e9es personnelles sont :<\/p>\n\n\n\n<ul class=\"wp-block-list\">\n<li>Trait\u00e9es de mani\u00e8re licite, loyale et transparente ;<\/li>\n\n\n\n<li>Collect\u00e9es pour des finalit\u00e9s d\u00e9termin\u00e9es, explicites et l\u00e9gitimes ;<\/li>\n\n\n\n<li>Ad\u00e9quates, pertinentes et limit\u00e9es \u00e0 ce qui est n\u00e9cessaire ;<\/li>\n\n\n\n<li>Exactes et tenues \u00e0 jour ;<\/li>\n\n\n\n<li>Conserv\u00e9es pendant une dur\u00e9e limit\u00e9e ;<\/li>\n\n\n\n<li>S\u00e9curis\u00e9es.<\/li>\n<\/ul>\n\n\n\n<p>Le traitement est licite si l\u2019une des conditions suivantes est remplie :<\/p>\n\n\n\n<ul class=\"wp-block-list\">\n<li>Consentement explicite de la personne concern\u00e9e ;<\/li>\n\n\n\n<li>N\u00e9cessit\u00e9 contractuelle ou pr\u00e9contractuelle ;<\/li>\n\n\n\n<li>Obligation l\u00e9gale ;<\/li>\n\n\n\n<li>Sauvegarde des int\u00e9r\u00eats vitaux ;<\/li>\n\n\n\n<li>Mission d\u2019int\u00e9r\u00eat public ;<\/li>\n\n\n\n<li>Int\u00e9r\u00eat l\u00e9gitime du responsable du traitement.<\/li>\n<\/ul>\n\n\n\n<hr class=\"wp-block-separator has-alpha-channel-opacity\"\/>\n\n\n\n<h4 class=\"wp-block-heading\">ARTICLE 3 : DONN\u00c9ES COLLECT\u00c9ES<\/h4>\n\n\n\n<p><strong>3.1 Donn\u00e9es collect\u00e9es<\/strong><\/p>\n\n\n\n<ul class=\"wp-block-list\">\n<li>Donn\u00e9es issues des \u00e9changes avec les utilisateurs (formulaire de contact)<\/li>\n\n\n\n<li>Donn\u00e9es n\u00e9cessaires au suivi des demandes ou \u00e0 la communication (email, nom, etc.)<\/li>\n\n\n\n<li>Adresse IP et consentement cookies<\/li>\n<\/ul>\n\n\n\n<p><strong>3.2 Mode de collecte<\/strong><\/p>\n\n\n\n<p>Les donn\u00e9es sont collect\u00e9es automatiquement lors de la navigation ou volontairement via les formulaires. Elles sont conserv\u00e9es pendant <strong>12 mois<\/strong>.<\/p>\n\n\n\n<p><strong>3.3 H\u00e9bergement<\/strong><\/p>\n\n\n\n<p>Le site est h\u00e9berg\u00e9 par <strong>IONOS<\/strong>, 7 Place de la Gare, 57200 Sarreguemines<br>Contact : <a href=\"mailto:legal@ionos.fr\">legal@ionos.fr<\/a><\/p>\n\n\n\n<hr class=\"wp-block-separator has-alpha-channel-opacity\"\/>\n\n\n\n<h4 class=\"wp-block-heading\">ARTICLE 4 : RESPONSABLE DU TRAITEMENT ET D\u00c9L\u00c9GU\u00c9 \u00c0 LA PROTECTION DES DONN\u00c9ES<\/h4>\n\n\n\n<p><strong>Responsable<\/strong> :<br><strong>L&rsquo;OUSTAL FLORIT<\/strong>, SIREN : 901 609 628 \u2013 RCS Montpellier D 901 609 628<br>Adresse : 18 route du Nayrac, 12460 SAINT AMANS DES COTS<br>T\u00e9l\u00e9phone : 06 46 52 38 14<br>Mail : <a href=\"mailto:contact@gitesmasrigal.fr\">contact@gitesmasrigal.fr<\/a><\/p>\n\n\n\n<p><strong>D\u00e9l\u00e9gu\u00e9 \u00e0 la protection des donn\u00e9es<\/strong> :<br><strong>Richard Exposito<\/strong><br>Adresse : 18 route du Nayrac, 12460 SAINT AMANS DES COTS<br>Mail : <a href=\"mailto:contact@gitesmasrigal.fr\">contact@gitesmasrigal.fr<\/a><\/p>\n\n\n\n<hr class=\"wp-block-separator has-alpha-channel-opacity\"\/>\n\n\n\n<h4 class=\"wp-block-heading\">ARTICLE 5 : DROITS DES UTILISATEURS<\/h4>\n\n\n\n<p>Conform\u00e9ment au RGPD, les utilisateurs disposent de droits :<\/p>\n\n\n\n<ul class=\"wp-block-list\">\n<li>Droit d\u2019acc\u00e8s, de rectification et d\u2019effacement ;<\/li>\n\n\n\n<li>Droit \u00e0 la portabilit\u00e9 ;<\/li>\n\n\n\n<li>Droit \u00e0 la limitation et \u00e0 l\u2019opposition ;<\/li>\n\n\n\n<li>Droit de ne pas faire l\u2019objet d\u2019une d\u00e9cision automatis\u00e9e ;<\/li>\n\n\n\n<li>Droit de d\u00e9terminer le sort des donn\u00e9es apr\u00e8s la mort ;<\/li>\n\n\n\n<li>Droit de recours aupr\u00e8s de la CNIL.<\/li>\n<\/ul>\n\n\n\n<p>Pour exercer ces droits :<br><strong>Richard Exposito<\/strong>, 18 route du Nayrac, 12460 SAINT AMANS DES COTS<br>Ou par mail \u00e0 : <a href=\"mailto:contact@gitesmasrigal.fr\">contact@gitesmasrigal.fr<\/a><\/p>\n\n\n\n<hr class=\"wp-block-separator has-alpha-channel-opacity\"\/>\n\n\n\n<h4 class=\"wp-block-heading\">ARTICLE 6 : MODIFICATION DE LA POLITIQUE<\/h4>\n\n\n\n<p>L\u2019\u00e9diteur du site <strong>G\u00eetes Mas Rigal<\/strong> se r\u00e9serve le droit de modifier la pr\u00e9sente politique \u00e0 tout moment pour garantir sa conformit\u00e9.<\/p>\n\n\n\n<p>Date de derni\u00e8re mise \u00e0 jour : <strong>30\/04\/2025<\/strong><\/p>\n\n\n\n<hr class=\"wp-block-separator has-alpha-channel-opacity\"\/>\n\n\n\n<p>Souhaites-tu maintenant que je g\u00e9n\u00e8re <strong>les mentions l\u00e9gales<\/strong> ?<\/p>","protected":false},"excerpt":{"rendered":"<p>Politique de confidentialit\u00e9 \u2013 G\u00eetes Mas Rigal ARTICLE 1 : PR\u00c9AMBULE La pr\u00e9sente politique de confidentialit\u00e9 a pour but d\u2019informer les utilisateurs du site https:\/\/gitesmasrigal.fr\/ : Cette politique compl\u00e8te les mentions l\u00e9gales et les Conditions G\u00e9n\u00e9rales d\u2019Utilisation disponibles \u00e0 l\u2019adresse suivante : https:\/\/gitesmasrigal.fr\/ ARTICLE 2 : PRINCIPES RELATIFS \u00c0 LA COLLECTE ET AU TRAITEMENT DES [&hellip;]<\/p>\n","protected":false},"author":1,"featured_media":0,"parent":0,"menu_order":0,"comment_status":"closed","ping_status":"closed","template":"","meta":{"_eb_attr":"","footnotes":""},"class_list":["post-3","page","type-page","status-publish","hentry"],"yoast_head":"<!-- This site is optimized with the Yoast SEO plugin v27.5 - https:\/\/yoast.com\/product\/yoast-seo-wordpress\/ -->\n<title>Politique de confidentialit\u00e9 - G\u00eetes Masrigal<\/title>\n<meta name=\"description\" content=\"Politique de confidentialit\u00e9 - G\u00eetes Masrigal\" \/>\n<meta name=\"robots\" content=\"index, follow, max-snippet:-1, max-image-preview:large, max-video-preview:-1\" \/>\n<link rel=\"canonical\" href=\"https:\/\/gitesmasrigal.fr\/en\/politique-de-confidentialite\/\" \/>\n<meta property=\"og:locale\" content=\"en_US\" \/>\n<meta property=\"og:type\" content=\"article\" \/>\n<meta property=\"og:title\" content=\"Politique de confidentialit\u00e9 - G\u00eetes Masrigal\" \/>\n<meta property=\"og:description\" content=\"Politique de confidentialit\u00e9 - G\u00eetes Masrigal\" \/>\n<meta property=\"og:url\" content=\"https:\/\/gitesmasrigal.fr\/en\/politique-de-confidentialite\/\" \/>\n<meta property=\"og:site_name\" content=\"G\u00eetes Masrigal\" \/>\n<meta property=\"article:modified_time\" content=\"2025-04-30T06:32:32+00:00\" \/>\n<meta name=\"twitter:card\" content=\"summary_large_image\" \/>\n<meta name=\"twitter:label1\" content=\"Est. reading time\" \/>\n\t<meta name=\"twitter:data1\" content=\"3 minutes\" \/>\n<script type=\"application\/ld+json\" class=\"yoast-schema-graph\">{\"@context\":\"https:\\\/\\\/schema.org\",\"@graph\":[{\"@type\":\"WebPage\",\"@id\":\"https:\\\/\\\/gitesmasrigal.fr\\\/politique-de-confidentialite\\\/\",\"url\":\"https:\\\/\\\/gitesmasrigal.fr\\\/politique-de-confidentialite\\\/\",\"name\":\"Politique de confidentialit\u00e9 - G\u00eetes Masrigal\",\"isPartOf\":{\"@id\":\"https:\\\/\\\/gitesmasrigal.fr\\\/#website\"},\"datePublished\":\"2024-10-07T14:17:37+00:00\",\"dateModified\":\"2025-04-30T06:32:32+00:00\",\"description\":\"Politique de confidentialit\u00e9 - G\u00eetes Masrigal\",\"breadcrumb\":{\"@id\":\"https:\\\/\\\/gitesmasrigal.fr\\\/politique-de-confidentialite\\\/#breadcrumb\"},\"inLanguage\":\"en-US\",\"potentialAction\":[{\"@type\":\"ReadAction\",\"target\":[\"https:\\\/\\\/gitesmasrigal.fr\\\/politique-de-confidentialite\\\/\"]}]},{\"@type\":\"BreadcrumbList\",\"@id\":\"https:\\\/\\\/gitesmasrigal.fr\\\/politique-de-confidentialite\\\/#breadcrumb\",\"itemListElement\":[{\"@type\":\"ListItem\",\"position\":1,\"name\":\"Accueil\",\"item\":\"https:\\\/\\\/gitesmasrigal.fr\\\/\"},{\"@type\":\"ListItem\",\"position\":2,\"name\":\"Politique de confidentialit\u00e9\"}]},{\"@type\":\"WebSite\",\"@id\":\"https:\\\/\\\/gitesmasrigal.fr\\\/#website\",\"url\":\"https:\\\/\\\/gitesmasrigal.fr\\\/\",\"name\":\"L'atelier de Deco de Sol\u00e8ne\",\"description\":\"H\u00e9bergement insolite - Yourte sur l&#039;Aubrac\",\"publisher\":{\"@id\":\"https:\\\/\\\/gitesmasrigal.fr\\\/#organization\"},\"alternateName\":\"Architecte d'Int\u00e9rieur\",\"potentialAction\":[{\"@type\":\"SearchAction\",\"target\":{\"@type\":\"EntryPoint\",\"urlTemplate\":\"https:\\\/\\\/gitesmasrigal.fr\\\/?s={search_term_string}\"},\"query-input\":{\"@type\":\"PropertyValueSpecification\",\"valueRequired\":true,\"valueName\":\"search_term_string\"}}],\"inLanguage\":\"en-US\"},{\"@type\":\"Organization\",\"@id\":\"https:\\\/\\\/gitesmasrigal.fr\\\/#organization\",\"name\":\"L'atelier de Deco de Sol\u00e8ne\",\"url\":\"https:\\\/\\\/gitesmasrigal.fr\\\/\",\"logo\":{\"@type\":\"ImageObject\",\"inLanguage\":\"en-US\",\"@id\":\"https:\\\/\\\/gitesmasrigal.fr\\\/#\\\/schema\\\/logo\\\/image\\\/\",\"url\":\"https:\\\/\\\/gitesmasrigal.fr\\\/wp-content\\\/uploads\\\/2025\\\/02\\\/cropped-logo-Mas-Rigal-Aveyron-1.png\",\"contentUrl\":\"https:\\\/\\\/gitesmasrigal.fr\\\/wp-content\\\/uploads\\\/2025\\\/02\\\/cropped-logo-Mas-Rigal-Aveyron-1.png\",\"width\":1652,\"height\":624,\"caption\":\"L'atelier de Deco de Sol\u00e8ne\"},\"image\":{\"@id\":\"https:\\\/\\\/gitesmasrigal.fr\\\/#\\\/schema\\\/logo\\\/image\\\/\"}}]}<\/script>\n<!-- \/ Yoast SEO plugin. -->","yoast_head_json":{"title":"Politique de confidentialit\u00e9 - G\u00eetes Masrigal","description":"Politique de confidentialit\u00e9 - G\u00eetes Masrigal","robots":{"index":"index","follow":"follow","max-snippet":"max-snippet:-1","max-image-preview":"max-image-preview:large","max-video-preview":"max-video-preview:-1"},"canonical":"https:\/\/gitesmasrigal.fr\/en\/politique-de-confidentialite\/","og_locale":"en_US","og_type":"article","og_title":"Politique de confidentialit\u00e9 - G\u00eetes Masrigal","og_description":"Politique de confidentialit\u00e9 - G\u00eetes Masrigal","og_url":"https:\/\/gitesmasrigal.fr\/en\/politique-de-confidentialite\/","og_site_name":"G\u00eetes Masrigal","article_modified_time":"2025-04-30T06:32:32+00:00","twitter_card":"summary_large_image","twitter_misc":{"Est. reading time":"3 minutes"},"schema":{"@context":"https:\/\/schema.org","@graph":[{"@type":"WebPage","@id":"https:\/\/gitesmasrigal.fr\/politique-de-confidentialite\/","url":"https:\/\/gitesmasrigal.fr\/politique-de-confidentialite\/","name":"Politique de confidentialit\u00e9 - G\u00eetes Masrigal","isPartOf":{"@id":"https:\/\/gitesmasrigal.fr\/#website"},"datePublished":"2024-10-07T14:17:37+00:00","dateModified":"2025-04-30T06:32:32+00:00","description":"Politique de confidentialit\u00e9 - G\u00eetes Masrigal","breadcrumb":{"@id":"https:\/\/gitesmasrigal.fr\/politique-de-confidentialite\/#breadcrumb"},"inLanguage":"en-US","potentialAction":[{"@type":"ReadAction","target":["https:\/\/gitesmasrigal.fr\/politique-de-confidentialite\/"]}]},{"@type":"BreadcrumbList","@id":"https:\/\/gitesmasrigal.fr\/politique-de-confidentialite\/#breadcrumb","itemListElement":[{"@type":"ListItem","position":1,"name":"Accueil","item":"https:\/\/gitesmasrigal.fr\/"},{"@type":"ListItem","position":2,"name":"Politique de confidentialit\u00e9"}]},{"@type":"WebSite","@id":"https:\/\/gitesmasrigal.fr\/#website","url":"https:\/\/gitesmasrigal.fr\/","name":"L'atelier de Deco de Sol\u00e8ne","description":"H\u00e9bergement insolite - Yourte sur l&#039;Aubrac","publisher":{"@id":"https:\/\/gitesmasrigal.fr\/#organization"},"alternateName":"Architecte d'Int\u00e9rieur","potentialAction":[{"@type":"SearchAction","target":{"@type":"EntryPoint","urlTemplate":"https:\/\/gitesmasrigal.fr\/?s={search_term_string}"},"query-input":{"@type":"PropertyValueSpecification","valueRequired":true,"valueName":"search_term_string"}}],"inLanguage":"en-US"},{"@type":"Organization","@id":"https:\/\/gitesmasrigal.fr\/#organization","name":"L'atelier de Deco de Sol\u00e8ne","url":"https:\/\/gitesmasrigal.fr\/","logo":{"@type":"ImageObject","inLanguage":"en-US","@id":"https:\/\/gitesmasrigal.fr\/#\/schema\/logo\/image\/","url":"https:\/\/gitesmasrigal.fr\/wp-content\/uploads\/2025\/02\/cropped-logo-Mas-Rigal-Aveyron-1.png","contentUrl":"https:\/\/gitesmasrigal.fr\/wp-content\/uploads\/2025\/02\/cropped-logo-Mas-Rigal-Aveyron-1.png","width":1652,"height":624,"caption":"L'atelier de Deco de Sol\u00e8ne"},"image":{"@id":"https:\/\/gitesmasrigal.fr\/#\/schema\/logo\/image\/"}}]}},"_links":{"self":[{"href":"https:\/\/gitesmasrigal.fr\/en\/wp-json\/wp\/v2\/pages\/3","targetHints":{"allow":["GET"]}}],"collection":[{"href":"https:\/\/gitesmasrigal.fr\/en\/wp-json\/wp\/v2\/pages"}],"about":[{"href":"https:\/\/gitesmasrigal.fr\/en\/wp-json\/wp\/v2\/types\/page"}],"author":[{"embeddable":true,"href":"https:\/\/gitesmasrigal.fr\/en\/wp-json\/wp\/v2\/users\/1"}],"replies":[{"embeddable":true,"href":"https:\/\/gitesmasrigal.fr\/en\/wp-json\/wp\/v2\/comments?post=3"}],"version-history":[{"count":0,"href":"https:\/\/gitesmasrigal.fr\/en\/wp-json\/wp\/v2\/pages\/3\/revisions"}],"wp:attachment":[{"href":"https:\/\/gitesmasrigal.fr\/en\/wp-json\/wp\/v2\/media?parent=3"}],"curies":[{"name":"wp","href":"https:\/\/api.w.org\/{rel}","templated":true}]}}