{"id":660,"date":"2025-04-30T06:37:40","date_gmt":"2025-04-30T06:37:40","guid":{"rendered":"https:\/\/gitesmasrigal.fr\/?page_id=660"},"modified":"2025-04-30T06:37:41","modified_gmt":"2025-04-30T06:37:41","slug":"mentions-legales","status":"publish","type":"page","link":"https:\/\/gitesmasrigal.fr\/en\/mentions-legales\/","title":{"rendered":"Mentions l\u00e9gales"},"content":{"rendered":"<h2 class=\"wp-block-heading\">Mentions l\u00e9gales \u2013 G\u00eetes Mas Rigal<\/h2>\n\n\n\n<hr class=\"wp-block-separator has-alpha-channel-opacity\"\/>\n\n\n\n<h3 class=\"wp-block-heading\">1 \u2013 \u00c9dition du site<\/h3>\n\n\n\n<p>Conform\u00e9ment \u00e0 l&rsquo;article 6 de la loi n\u00b0 2004-575 du 21 juin 2004 pour la confiance dans l&rsquo;\u00e9conomie num\u00e9rique, il est pr\u00e9cis\u00e9 aux utilisateurs du site <strong><a href=\"https:\/\/gitesmasrigal.fr\/en\/\">https:\/\/gitesmasrigal.fr\/<\/a><\/strong> l&rsquo;identit\u00e9 des intervenants :<\/p>\n\n\n\n<p><strong>Propri\u00e9taire du site<\/strong> : L&rsquo;OUSTAL FLORIT<br>Contact : <a href=\"mailto:contact@gitesmasrigal.fr\">contact@gitesmasrigal.fr<\/a> \/ 06 46 52 38 14<br>Adresse : 18 route du Nayrac, 12460 SAINT AMANS DES COTS<\/p>\n\n\n\n<p><strong>Identification de l\u2019entreprise<\/strong> :<br>L&rsquo;OUSTAL FLORIT \u2013 SIREN : 901 609 628<br>RCS : Montpellier D 901 609 628<br>Adresse : 18 route du Nayrac, 12460 SAINT AMANS DES COTS<\/p>\n\n\n\n<p><strong>CGV<\/strong> : <a href=\"https:\/\/gitesmasrigal.fr\/en\/CGV\/\">https:\/\/gitesmasrigal.fr\/CGV<\/a><\/p>\n\n\n\n<p><strong>Directeur de la publication<\/strong> : Richard Exposito<br>Contact : <a href=\"mailto:contact@gitesmasrigal.fr\">contact@gitesmasrigal.fr<\/a><\/p>\n\n\n\n<p><strong>H\u00e9bergeur<\/strong> :<br>IONOS \u2013 7 Place de la Gare, 57200 Sarreguemines<br>T\u00e9l\u00e9phone : 09 70 80 89 11 \u2013 Mail : <a href=\"mailto:legal@ionos.fr\">legal@ionos.fr<\/a><\/p>\n\n\n\n<p><strong>D\u00e9l\u00e9gu\u00e9 \u00e0 la protection des donn\u00e9es<\/strong> : Richard Exposito \u2013 <a href=\"mailto:contact@gitesmasrigal.fr\">contact@gitesmasrigal.fr<\/a><\/p>\n\n\n\n<p><strong>Conception du site<\/strong> : <a href=\"https:\/\/deep-dive.fr\/\" target=\"_blank\" rel=\"noreferrer noopener\">DeepDive Communication<\/a> \u2013 <a href=\"https:\/\/deep-dive.fr\/equipe\/andre-gentit-consultant-formateur\/\" target=\"_blank\" rel=\"noreferrer noopener\">Andr\u00e9 Gentit<\/a><\/p>\n\n\n\n<hr class=\"wp-block-separator has-alpha-channel-opacity\"\/>\n\n\n\n<h3 class=\"wp-block-heading\">2 \u2013 Propri\u00e9t\u00e9 intellectuelle<\/h3>\n\n\n\n<p>L&rsquo;OUSTAL FLORIT est propri\u00e9taire des droits de propri\u00e9t\u00e9 intellectuelle sur tous les \u00e9l\u00e9ments accessibles sur le site (textes, images, graphismes, logo, vid\u00e9os, etc.).<br>Toute reproduction, modification, publication ou adaptation est interdite sans autorisation \u00e9crite pr\u00e9alable.<br>Toute exploitation non autoris\u00e9e est constitutive de contrefa\u00e7on (articles L.335-2 et suivants du Code de la propri\u00e9t\u00e9 intellectuelle).<\/p>\n\n\n\n<hr class=\"wp-block-separator has-alpha-channel-opacity\"\/>\n\n\n\n<h3 class=\"wp-block-heading\">3 \u2013 Limitations de responsabilit\u00e9<\/h3>\n\n\n\n<p>L&rsquo;OUSTAL FLORIT ne pourra \u00eatre tenue responsable des dommages directs ou indirects caus\u00e9s au mat\u00e9riel de l\u2019utilisateur, ni de l\u2019utilisation des contenus du site.<br>L\u2019utilisateur s\u2019engage \u00e0 acc\u00e9der au site avec un mat\u00e9riel r\u00e9cent et \u00e0 jour.<br>Des espaces interactifs sont mis \u00e0 disposition et peuvent \u00eatre mod\u00e9r\u00e9s ou supprim\u00e9s sans pr\u00e9avis en cas de contenu illicite.<\/p>\n\n\n\n<hr class=\"wp-block-separator has-alpha-channel-opacity\"\/>\n\n\n\n<h3 class=\"wp-block-heading\">4 \u2013 CNIL et gestion des donn\u00e9es<\/h3>\n\n\n\n<p>Conform\u00e9ment \u00e0 la loi \u00ab informatique et libert\u00e9s \u00bb du 6 janvier 1978 modifi\u00e9e, l\u2019utilisateur dispose d\u2019un droit d\u2019acc\u00e8s, de rectification et de suppression de ses donn\u00e9es.<br>Pour l\u2019exercer, contacter : <strong>Richard Exposito \u2013 <a href=\"mailto:contact@gitesmasrigal.fr\">contact@gitesmasrigal.fr<\/a><\/strong><br>Pour en savoir plus : <a href=\"https:\/\/gitesmasrigal.fr\/en\/politique-confidentialite\/\">https:\/\/gitesmasrigal.fr\/politique-confidentialite<\/a><\/p>\n\n\n\n<hr class=\"wp-block-separator has-alpha-channel-opacity\"\/>\n\n\n\n<h3 class=\"wp-block-heading\">5 \u2013 Liens hypertextes et cookies<\/h3>\n\n\n\n<p>Le site peut contenir des liens vers d\u2019autres sites. L&rsquo;OUSTAL FLORIT d\u00e9cline toute responsabilit\u00e9 concernant leur contenu.<br>La navigation sur ce site peut entra\u00eener l\u2019installation de cookies pour mesurer la fr\u00e9quentation.<br>Vous pouvez refuser ou accepter ces cookies via les param\u00e8tres de votre navigateur.<br>Dur\u00e9e de conservation des cookies : 12 mois<br>D\u00e9tails ici : <a href=\"https:\/\/gitesmasrigal.fr\/en\/politique-confidentialite\/\">https:\/\/gitesmasrigal.fr\/politique-confidentialite<\/a><\/p>\n\n\n\n<hr class=\"wp-block-separator has-alpha-channel-opacity\"\/>\n\n\n\n<h3 class=\"wp-block-heading\">6 \u2013 Droit applicable<\/h3>\n\n\n\n<p>Tout litige en lien avec l&rsquo;utilisation du site est soumis au droit fran\u00e7ais.<br>Attribution exclusive de juridiction aux tribunaux comp\u00e9tents de <strong>Montpellier<\/strong>.<\/p>\n\n\n\n<hr class=\"wp-block-separator has-alpha-channel-opacity\"\/>\n\n\n\n<p>Souhaites-tu que je te fournisse les deux textes (politique + mentions) en un fichier Word ou PDF \u00e0 t\u00e9l\u00e9charger ?<\/p>","protected":false},"excerpt":{"rendered":"<p>Mentions l\u00e9gales \u2013 G\u00eetes Mas Rigal 1 \u2013 \u00c9dition du site Conform\u00e9ment \u00e0 l&rsquo;article 6 de la loi n\u00b0 2004-575 du 21 juin 2004 pour la confiance dans l&rsquo;\u00e9conomie num\u00e9rique, il est pr\u00e9cis\u00e9 aux utilisateurs du site https:\/\/gitesmasrigal.fr\/ l&rsquo;identit\u00e9 des intervenants : Propri\u00e9taire du site : L&rsquo;OUSTAL FLORITContact : contact@gitesmasrigal.fr \/ 06 46 52 38 [&hellip;]<\/p>\n","protected":false},"author":2,"featured_media":0,"parent":0,"menu_order":0,"comment_status":"closed","ping_status":"closed","template":"","meta":{"_eb_attr":"","footnotes":""},"class_list":["post-660","page","type-page","status-publish","hentry"],"yoast_head":"<!-- This site is optimized with the Yoast SEO plugin v27.5 - https:\/\/yoast.com\/product\/yoast-seo-wordpress\/ -->\n<title>Mentions l\u00e9gales - G\u00eetes Masrigal<\/title>\n<meta name=\"description\" content=\"Mentions l\u00e9gales - G\u00eetes Masrigal\" \/>\n<meta name=\"robots\" content=\"index, follow, max-snippet:-1, max-image-preview:large, max-video-preview:-1\" \/>\n<link rel=\"canonical\" href=\"https:\/\/gitesmasrigal.fr\/en\/mentions-legales\/\" \/>\n<meta property=\"og:locale\" content=\"en_US\" \/>\n<meta property=\"og:type\" content=\"article\" \/>\n<meta property=\"og:title\" content=\"Mentions l\u00e9gales - G\u00eetes Masrigal\" \/>\n<meta property=\"og:description\" content=\"Mentions l\u00e9gales - G\u00eetes Masrigal\" \/>\n<meta property=\"og:url\" content=\"https:\/\/gitesmasrigal.fr\/en\/mentions-legales\/\" \/>\n<meta property=\"og:site_name\" content=\"G\u00eetes Masrigal\" \/>\n<meta property=\"article:modified_time\" content=\"2025-04-30T06:37:41+00:00\" \/>\n<meta name=\"twitter:card\" content=\"summary_large_image\" \/>\n<meta name=\"twitter:label1\" content=\"Est. reading time\" \/>\n\t<meta name=\"twitter:data1\" content=\"3 minutes\" \/>\n<script type=\"application\/ld+json\" class=\"yoast-schema-graph\">{\"@context\":\"https:\\\/\\\/schema.org\",\"@graph\":[{\"@type\":\"WebPage\",\"@id\":\"https:\\\/\\\/gitesmasrigal.fr\\\/mentions-legales\\\/\",\"url\":\"https:\\\/\\\/gitesmasrigal.fr\\\/mentions-legales\\\/\",\"name\":\"Mentions l\u00e9gales - G\u00eetes Masrigal\",\"isPartOf\":{\"@id\":\"https:\\\/\\\/gitesmasrigal.fr\\\/#website\"},\"datePublished\":\"2025-04-30T06:37:40+00:00\",\"dateModified\":\"2025-04-30T06:37:41+00:00\",\"description\":\"Mentions l\u00e9gales - G\u00eetes Masrigal\",\"breadcrumb\":{\"@id\":\"https:\\\/\\\/gitesmasrigal.fr\\\/mentions-legales\\\/#breadcrumb\"},\"inLanguage\":\"en-US\",\"potentialAction\":[{\"@type\":\"ReadAction\",\"target\":[\"https:\\\/\\\/gitesmasrigal.fr\\\/mentions-legales\\\/\"]}]},{\"@type\":\"BreadcrumbList\",\"@id\":\"https:\\\/\\\/gitesmasrigal.fr\\\/mentions-legales\\\/#breadcrumb\",\"itemListElement\":[{\"@type\":\"ListItem\",\"position\":1,\"name\":\"Accueil\",\"item\":\"https:\\\/\\\/gitesmasrigal.fr\\\/\"},{\"@type\":\"ListItem\",\"position\":2,\"name\":\"Mentions l\u00e9gales\"}]},{\"@type\":\"WebSite\",\"@id\":\"https:\\\/\\\/gitesmasrigal.fr\\\/#website\",\"url\":\"https:\\\/\\\/gitesmasrigal.fr\\\/\",\"name\":\"L'atelier de Deco de Sol\u00e8ne\",\"description\":\"H\u00e9bergement insolite - Yourte sur l&#039;Aubrac\",\"publisher\":{\"@id\":\"https:\\\/\\\/gitesmasrigal.fr\\\/#organization\"},\"alternateName\":\"Architecte d'Int\u00e9rieur\",\"potentialAction\":[{\"@type\":\"SearchAction\",\"target\":{\"@type\":\"EntryPoint\",\"urlTemplate\":\"https:\\\/\\\/gitesmasrigal.fr\\\/?s={search_term_string}\"},\"query-input\":{\"@type\":\"PropertyValueSpecification\",\"valueRequired\":true,\"valueName\":\"search_term_string\"}}],\"inLanguage\":\"en-US\"},{\"@type\":\"Organization\",\"@id\":\"https:\\\/\\\/gitesmasrigal.fr\\\/#organization\",\"name\":\"L'atelier de Deco de Sol\u00e8ne\",\"url\":\"https:\\\/\\\/gitesmasrigal.fr\\\/\",\"logo\":{\"@type\":\"ImageObject\",\"inLanguage\":\"en-US\",\"@id\":\"https:\\\/\\\/gitesmasrigal.fr\\\/#\\\/schema\\\/logo\\\/image\\\/\",\"url\":\"https:\\\/\\\/gitesmasrigal.fr\\\/wp-content\\\/uploads\\\/2025\\\/02\\\/cropped-logo-Mas-Rigal-Aveyron-1.png\",\"contentUrl\":\"https:\\\/\\\/gitesmasrigal.fr\\\/wp-content\\\/uploads\\\/2025\\\/02\\\/cropped-logo-Mas-Rigal-Aveyron-1.png\",\"width\":1652,\"height\":624,\"caption\":\"L'atelier de Deco de Sol\u00e8ne\"},\"image\":{\"@id\":\"https:\\\/\\\/gitesmasrigal.fr\\\/#\\\/schema\\\/logo\\\/image\\\/\"}}]}<\/script>\n<!-- \/ Yoast SEO plugin. -->","yoast_head_json":{"title":"Mentions l\u00e9gales - G\u00eetes Masrigal","description":"Mentions l\u00e9gales - G\u00eetes Masrigal","robots":{"index":"index","follow":"follow","max-snippet":"max-snippet:-1","max-image-preview":"max-image-preview:large","max-video-preview":"max-video-preview:-1"},"canonical":"https:\/\/gitesmasrigal.fr\/en\/mentions-legales\/","og_locale":"en_US","og_type":"article","og_title":"Mentions l\u00e9gales - G\u00eetes Masrigal","og_description":"Mentions l\u00e9gales - G\u00eetes Masrigal","og_url":"https:\/\/gitesmasrigal.fr\/en\/mentions-legales\/","og_site_name":"G\u00eetes Masrigal","article_modified_time":"2025-04-30T06:37:41+00:00","twitter_card":"summary_large_image","twitter_misc":{"Est. reading time":"3 minutes"},"schema":{"@context":"https:\/\/schema.org","@graph":[{"@type":"WebPage","@id":"https:\/\/gitesmasrigal.fr\/mentions-legales\/","url":"https:\/\/gitesmasrigal.fr\/mentions-legales\/","name":"Mentions l\u00e9gales - G\u00eetes Masrigal","isPartOf":{"@id":"https:\/\/gitesmasrigal.fr\/#website"},"datePublished":"2025-04-30T06:37:40+00:00","dateModified":"2025-04-30T06:37:41+00:00","description":"Mentions l\u00e9gales - G\u00eetes Masrigal","breadcrumb":{"@id":"https:\/\/gitesmasrigal.fr\/mentions-legales\/#breadcrumb"},"inLanguage":"en-US","potentialAction":[{"@type":"ReadAction","target":["https:\/\/gitesmasrigal.fr\/mentions-legales\/"]}]},{"@type":"BreadcrumbList","@id":"https:\/\/gitesmasrigal.fr\/mentions-legales\/#breadcrumb","itemListElement":[{"@type":"ListItem","position":1,"name":"Accueil","item":"https:\/\/gitesmasrigal.fr\/"},{"@type":"ListItem","position":2,"name":"Mentions l\u00e9gales"}]},{"@type":"WebSite","@id":"https:\/\/gitesmasrigal.fr\/#website","url":"https:\/\/gitesmasrigal.fr\/","name":"L'atelier de Deco de Sol\u00e8ne","description":"H\u00e9bergement insolite - Yourte sur l&#039;Aubrac","publisher":{"@id":"https:\/\/gitesmasrigal.fr\/#organization"},"alternateName":"Architecte d'Int\u00e9rieur","potentialAction":[{"@type":"SearchAction","target":{"@type":"EntryPoint","urlTemplate":"https:\/\/gitesmasrigal.fr\/?s={search_term_string}"},"query-input":{"@type":"PropertyValueSpecification","valueRequired":true,"valueName":"search_term_string"}}],"inLanguage":"en-US"},{"@type":"Organization","@id":"https:\/\/gitesmasrigal.fr\/#organization","name":"L'atelier de Deco de Sol\u00e8ne","url":"https:\/\/gitesmasrigal.fr\/","logo":{"@type":"ImageObject","inLanguage":"en-US","@id":"https:\/\/gitesmasrigal.fr\/#\/schema\/logo\/image\/","url":"https:\/\/gitesmasrigal.fr\/wp-content\/uploads\/2025\/02\/cropped-logo-Mas-Rigal-Aveyron-1.png","contentUrl":"https:\/\/gitesmasrigal.fr\/wp-content\/uploads\/2025\/02\/cropped-logo-Mas-Rigal-Aveyron-1.png","width":1652,"height":624,"caption":"L'atelier de Deco de Sol\u00e8ne"},"image":{"@id":"https:\/\/gitesmasrigal.fr\/#\/schema\/logo\/image\/"}}]}},"_links":{"self":[{"href":"https:\/\/gitesmasrigal.fr\/en\/wp-json\/wp\/v2\/pages\/660","targetHints":{"allow":["GET"]}}],"collection":[{"href":"https:\/\/gitesmasrigal.fr\/en\/wp-json\/wp\/v2\/pages"}],"about":[{"href":"https:\/\/gitesmasrigal.fr\/en\/wp-json\/wp\/v2\/types\/page"}],"author":[{"embeddable":true,"href":"https:\/\/gitesmasrigal.fr\/en\/wp-json\/wp\/v2\/users\/2"}],"replies":[{"embeddable":true,"href":"https:\/\/gitesmasrigal.fr\/en\/wp-json\/wp\/v2\/comments?post=660"}],"version-history":[{"count":0,"href":"https:\/\/gitesmasrigal.fr\/en\/wp-json\/wp\/v2\/pages\/660\/revisions"}],"wp:attachment":[{"href":"https:\/\/gitesmasrigal.fr\/en\/wp-json\/wp\/v2\/media?parent=660"}],"curies":[{"name":"wp","href":"https:\/\/api.w.org\/{rel}","templated":true}]}}