{"id":759,"date":"2025-04-30T13:29:03","date_gmt":"2025-04-30T13:29:03","guid":{"rendered":"https:\/\/gitesmasrigal.fr\/?page_id=759"},"modified":"2025-05-04T09:42:48","modified_gmt":"2025-05-04T09:42:48","slug":"reservation","status":"publish","type":"page","link":"https:\/\/gitesmasrigal.fr\/en\/reservation\/","title":{"rendered":"R\u00e9servation Yourte ou G\u00eete Mas Rigal"},"content":{"rendered":"<div data-elementor-type=\"wp-page\" data-elementor-id=\"759\" class=\"elementor elementor-759\" data-elementor-post-type=\"page\">\n\t\t\t\t<div data-particle_enable=\"false\" data-particle-mobile-disabled=\"false\" class=\"elementor-element elementor-element-7b6a603 e-flex e-con-boxed e-con e-parent\" data-id=\"7b6a603\" data-element_type=\"container\" data-e-type=\"container\" data-settings=\"{&quot;background_background&quot;:&quot;classic&quot;}\">\n\t\t\t\t\t<div class=\"e-con-inner\">\n\t\t<div data-particle_enable=\"false\" data-particle-mobile-disabled=\"false\" class=\"elementor-element elementor-element-e2941d1 e-con-full e-flex e-con e-child\" data-id=\"e2941d1\" data-element_type=\"container\" data-e-type=\"container\">\n\t\t\t\t<div class=\"elementor-element elementor-element-fce5f95 elementor-widget elementor-widget-breadcrumbs\" data-id=\"fce5f95\" data-element_type=\"widget\" data-e-type=\"widget\" data-widget_type=\"breadcrumbs.default\">\n\t\t\t\t<div class=\"elementor-widget-container\">\n\t\t\t\t\t<p id=\"breadcrumbs\"><span><span><a href=\"https:\/\/gitesmasrigal.fr\/en\/\">Home<\/a><\/span><\/span><\/p>\t\t\t\t<\/div>\n\t\t\t\t<\/div>\n\t\t\t\t<\/div>\n\t\t\t\t\t<\/div>\n\t\t\t\t<\/div>\n\t\t<div data-particle_enable=\"false\" data-particle-mobile-disabled=\"false\" class=\"elementor-element elementor-element-1a36830e e-flex e-con-boxed e-con e-parent\" data-id=\"1a36830e\" data-element_type=\"container\" data-e-type=\"container\">\n\t\t\t\t\t<div class=\"e-con-inner\">\n\t\t<div data-particle_enable=\"false\" data-particle-mobile-disabled=\"false\" class=\"elementor-element elementor-element-7f7ef78f e-con-full e-flex e-con e-child\" data-id=\"7f7ef78f\" data-element_type=\"container\" data-e-type=\"container\">\n\t\t\t\t<div class=\"elementor-element elementor-element-7602abc2 elementor-widget elementor-widget-heading\" data-id=\"7602abc2\" data-element_type=\"widget\" data-e-type=\"widget\" data-widget_type=\"heading.default\">\n\t\t\t\t<div class=\"elementor-widget-container\">\n\t\t\t\t\t<h2 class=\"elementor-heading-title elementor-size-default\">Le Mas Rigal<\/h2>\t\t\t\t<\/div>\n\t\t\t\t<\/div>\n\t\t\t\t<div class=\"elementor-element elementor-element-7f750b82 elementor-widget elementor-widget-heading\" data-id=\"7f750b82\" data-element_type=\"widget\" data-e-type=\"widget\" data-widget_type=\"heading.default\">\n\t\t\t\t<div class=\"elementor-widget-container\">\n\t\t\t\t\t<h3 class=\"elementor-heading-title elementor-size-default\">R\u00e9servez votre yourte au g\u00eete Mas Rigal<\/h3>\t\t\t\t<\/div>\n\t\t\t\t<\/div>\n\t\t\t\t<div class=\"elementor-element elementor-element-ae549f5 elementor-widget elementor-widget-text-editor\" data-id=\"ae549f5\" data-element_type=\"widget\" data-e-type=\"widget\" data-widget_type=\"text-editor.default\">\n\t\t\t\t<div class=\"elementor-widget-container\">\n\t\t\t\t\t\t\t\t\t<p data-start=\"60\" data-end=\"335\" data-is-last-node=\"\">Pour r\u00e9server votre yourte au <strong data-start=\"97\" data-end=\"110\">Mas Rigal<\/strong>, renseignez vos dates d&rsquo;arriv\u00e9e et de d\u00e9part, le nombre de personnes, les options souhait\u00e9es et laissez-vous guider.<\/p>\t\t\t\t\t\t\t\t<\/div>\n\t\t\t\t<\/div>\n\t\t\t\t<div class=\"elementor-element elementor-element-5fda0ed elementor-widget__width-inherit elementor-widget elementor-widget-html\" data-id=\"5fda0ed\" data-element_type=\"widget\" data-e-type=\"widget\" data-widget_type=\"html.default\">\n\t\t\t\t<div class=\"elementor-widget-container\">\n\t\t\t\t\t<!-- d\u00e9but ke-booking -->\r\n<div id=\"ke-booking-ibe-frame\" style=\"width:100%;height:700px\">\r\n<script src=\"https:\/\/widgets.ke-booking.com\/fr\/booking\/engine\/v3\/js\/P2854b329236d23085253b09c\/ke-booking.js\" type=\"text\/javascript\"><\/script>\r\n<\/div>\r\n<!-- fin ke-booking -->\t\t\t\t<\/div>\n\t\t\t\t<\/div>\n\t\t\t\t<div class=\"elementor-element elementor-element-f017632 elementor-widget-divider--view-line elementor-widget elementor-widget-divider\" data-id=\"f017632\" data-element_type=\"widget\" data-e-type=\"widget\" data-widget_type=\"divider.default\">\n\t\t\t\t<div class=\"elementor-widget-container\">\n\t\t\t\t\t\t\t<div class=\"elementor-divider\">\n\t\t\t<span class=\"elementor-divider-separator\">\n\t\t\t\t\t\t<\/span>\n\t\t<\/div>\n\t\t\t\t\t\t<\/div>\n\t\t\t\t<\/div>\n\t\t<div data-particle_enable=\"false\" data-particle-mobile-disabled=\"false\" class=\"elementor-element elementor-element-3c6ca8b0 e-con-full e-flex e-con e-child\" data-id=\"3c6ca8b0\" data-element_type=\"container\" data-e-type=\"container\">\n\t\t<div data-particle_enable=\"false\" data-particle-mobile-disabled=\"false\" class=\"elementor-element elementor-element-2f20f04f e-con-full e-flex e-con e-child\" data-id=\"2f20f04f\" data-element_type=\"container\" data-e-type=\"container\">\n\t\t\t\t<div class=\"elementor-element elementor-element-7cacc40a elementor-position-inline-start elementor-view-default elementor-mobile-position-block-start elementor-widget elementor-widget-icon-box\" data-id=\"7cacc40a\" data-element_type=\"widget\" data-e-type=\"widget\" data-widget_type=\"icon-box.default\">\n\t\t\t\t<div class=\"elementor-widget-container\">\n\t\t\t\t\t\t\t<div class=\"elementor-icon-box-wrapper\">\n\n\t\t\t\t\t\t<div class=\"elementor-icon-box-icon\">\n\t\t\t\t<a href=\"\" class=\"elementor-icon\" tabindex=\"-1\" aria-label=\"06 46 52 38 14\">\n\t\t\t\t<i aria-hidden=\"true\" class=\"lnr lnr-phone-handset\"><\/i>\t\t\t\t<\/a>\n\t\t\t<\/div>\n\t\t\t\n\t\t\t\t\t\t<div class=\"elementor-icon-box-content\">\n\n\t\t\t\t\t\t\t\t\t<h5 class=\"elementor-icon-box-title\">\n\t\t\t\t\t\t<a href=\"\" >\n\t\t\t\t\t\t\t06 46 52 38 14\t\t\t\t\t\t<\/a>\n\t\t\t\t\t<\/h5>\n\t\t\t\t\n\t\t\t\t\n\t\t\t<\/div>\n\t\t\t\n\t\t<\/div>\n\t\t\t\t\t\t<\/div>\n\t\t\t\t<\/div>\n\t\t\t\t<\/div>\n\t\t<div data-particle_enable=\"false\" data-particle-mobile-disabled=\"false\" class=\"elementor-element elementor-element-13856701 e-con-full e-flex e-con e-child\" data-id=\"13856701\" data-element_type=\"container\" data-e-type=\"container\">\n\t\t\t\t<div class=\"elementor-element elementor-element-217a9464 elementor-position-inline-start elementor-view-default elementor-mobile-position-block-start elementor-widget elementor-widget-icon-box\" data-id=\"217a9464\" data-element_type=\"widget\" data-e-type=\"widget\" data-widget_type=\"icon-box.default\">\n\t\t\t\t<div class=\"elementor-widget-container\">\n\t\t\t\t\t\t\t<div class=\"elementor-icon-box-wrapper\">\n\n\t\t\t\t\t\t<div class=\"elementor-icon-box-icon\">\n\t\t\t\t<a href=\"mailto:contact@gitesmasrigal.fr\" class=\"elementor-icon\" tabindex=\"-1\" aria-label=\"contact@gitesmasrigal.fr\">\n\t\t\t\t<i aria-hidden=\"true\" class=\"lnr lnr-envelope\"><\/i>\t\t\t\t<\/a>\n\t\t\t<\/div>\n\t\t\t\n\t\t\t\t\t\t<div class=\"elementor-icon-box-content\">\n\n\t\t\t\t\t\t\t\t\t<h5 class=\"elementor-icon-box-title\">\n\t\t\t\t\t\t<a href=\"mailto:contact@gitesmasrigal.fr\" >\n\t\t\t\t\t\t\tcontact@gitesmasrigal.fr\t\t\t\t\t\t<\/a>\n\t\t\t\t\t<\/h5>\n\t\t\t\t\n\t\t\t\t\n\t\t\t<\/div>\n\t\t\t\n\t\t<\/div>\n\t\t\t\t\t\t<\/div>\n\t\t\t\t<\/div>\n\t\t\t\t<\/div>\n\t\t\t\t<\/div>\n\t\t<div data-particle_enable=\"false\" data-particle-mobile-disabled=\"false\" class=\"elementor-element elementor-element-5a6840c0 e-con-full e-flex e-con e-child\" data-id=\"5a6840c0\" data-element_type=\"container\" data-e-type=\"container\">\n\t\t\t\t<\/div>\n\t\t\t\t<\/div>\n\t\t\t\t\t<\/div>\n\t\t\t\t<\/div>\n\t\t\t\t<\/div>","protected":false},"excerpt":{"rendered":"<p>Le Mas Rigal R\u00e9servez votre yourte au g\u00eete Mas Rigal Pour r\u00e9server votre yourte au Mas Rigal, renseignez vos dates d&rsquo;arriv\u00e9e et de d\u00e9part, le nombre de personnes, les options souhait\u00e9es et laissez-vous guider. 06 46 52 38 14 contact@gitesmasrigal.fr<\/p>","protected":false},"author":2,"featured_media":0,"parent":0,"menu_order":0,"comment_status":"closed","ping_status":"closed","template":"elementor_header_footer","meta":{"_eb_attr":"","footnotes":""},"class_list":["post-759","page","type-page","status-publish","hentry"],"yoast_head":"<!-- This site is optimized with the Yoast SEO plugin v27.5 - https:\/\/yoast.com\/product\/yoast-seo-wordpress\/ -->\n<title>R\u00e9servation Yourte ou G\u00eete Mas Rigal - G\u00eetes Masrigal<\/title>\n<meta name=\"description\" content=\"R\u00e9servation Yourte ou G\u00eete Mas Rigal - G\u00eetes Masrigal\" \/>\n<meta name=\"robots\" content=\"index, follow, max-snippet:-1, max-image-preview:large, max-video-preview:-1\" \/>\n<link rel=\"canonical\" href=\"https:\/\/gitesmasrigal.fr\/en\/reservation\/\" \/>\n<meta property=\"og:locale\" content=\"en_US\" \/>\n<meta property=\"og:type\" content=\"article\" \/>\n<meta property=\"og:title\" content=\"R\u00e9servation Yourte ou G\u00eete Mas Rigal - G\u00eetes Masrigal\" \/>\n<meta property=\"og:description\" content=\"R\u00e9servation Yourte ou G\u00eete Mas Rigal - G\u00eetes Masrigal\" \/>\n<meta property=\"og:url\" content=\"https:\/\/gitesmasrigal.fr\/en\/reservation\/\" \/>\n<meta property=\"og:site_name\" content=\"G\u00eetes Masrigal\" \/>\n<meta property=\"article:modified_time\" content=\"2025-05-04T09:42:48+00:00\" \/>\n<meta name=\"twitter:card\" content=\"summary_large_image\" \/>\n<meta name=\"twitter:label1\" content=\"Est. reading time\" \/>\n\t<meta name=\"twitter:data1\" content=\"1 minute\" \/>\n<script type=\"application\/ld+json\" class=\"yoast-schema-graph\">{\"@context\":\"https:\\\/\\\/schema.org\",\"@graph\":[{\"@type\":\"WebPage\",\"@id\":\"https:\\\/\\\/gitesmasrigal.fr\\\/reservation\\\/\",\"url\":\"https:\\\/\\\/gitesmasrigal.fr\\\/reservation\\\/\",\"name\":\"R\u00e9servation Yourte ou G\u00eete Mas Rigal - G\u00eetes Masrigal\",\"isPartOf\":{\"@id\":\"https:\\\/\\\/gitesmasrigal.fr\\\/#website\"},\"datePublished\":\"2025-04-30T13:29:03+00:00\",\"dateModified\":\"2025-05-04T09:42:48+00:00\",\"description\":\"R\u00e9servation Yourte ou G\u00eete Mas Rigal - G\u00eetes Masrigal\",\"breadcrumb\":{\"@id\":\"https:\\\/\\\/gitesmasrigal.fr\\\/reservation\\\/#breadcrumb\"},\"inLanguage\":\"en-US\",\"potentialAction\":[{\"@type\":\"ReadAction\",\"target\":[\"https:\\\/\\\/gitesmasrigal.fr\\\/reservation\\\/\"]}]},{\"@type\":\"BreadcrumbList\",\"@id\":\"https:\\\/\\\/gitesmasrigal.fr\\\/reservation\\\/#breadcrumb\",\"itemListElement\":[{\"@type\":\"ListItem\",\"position\":1,\"name\":\"Accueil\",\"item\":\"https:\\\/\\\/gitesmasrigal.fr\\\/\"},{\"@type\":\"ListItem\",\"position\":2,\"name\":\"R\u00e9servation Yourte ou G\u00eete Mas Rigal\"}]},{\"@type\":\"WebSite\",\"@id\":\"https:\\\/\\\/gitesmasrigal.fr\\\/#website\",\"url\":\"https:\\\/\\\/gitesmasrigal.fr\\\/\",\"name\":\"L'atelier de Deco de Sol\u00e8ne\",\"description\":\"H\u00e9bergement insolite - Yourte sur l&#039;Aubrac\",\"publisher\":{\"@id\":\"https:\\\/\\\/gitesmasrigal.fr\\\/#organization\"},\"alternateName\":\"Architecte d'Int\u00e9rieur\",\"potentialAction\":[{\"@type\":\"SearchAction\",\"target\":{\"@type\":\"EntryPoint\",\"urlTemplate\":\"https:\\\/\\\/gitesmasrigal.fr\\\/?s={search_term_string}\"},\"query-input\":{\"@type\":\"PropertyValueSpecification\",\"valueRequired\":true,\"valueName\":\"search_term_string\"}}],\"inLanguage\":\"en-US\"},{\"@type\":\"Organization\",\"@id\":\"https:\\\/\\\/gitesmasrigal.fr\\\/#organization\",\"name\":\"L'atelier de Deco de Sol\u00e8ne\",\"url\":\"https:\\\/\\\/gitesmasrigal.fr\\\/\",\"logo\":{\"@type\":\"ImageObject\",\"inLanguage\":\"en-US\",\"@id\":\"https:\\\/\\\/gitesmasrigal.fr\\\/#\\\/schema\\\/logo\\\/image\\\/\",\"url\":\"https:\\\/\\\/gitesmasrigal.fr\\\/wp-content\\\/uploads\\\/2025\\\/02\\\/cropped-logo-Mas-Rigal-Aveyron-1.png\",\"contentUrl\":\"https:\\\/\\\/gitesmasrigal.fr\\\/wp-content\\\/uploads\\\/2025\\\/02\\\/cropped-logo-Mas-Rigal-Aveyron-1.png\",\"width\":1652,\"height\":624,\"caption\":\"L'atelier de Deco de Sol\u00e8ne\"},\"image\":{\"@id\":\"https:\\\/\\\/gitesmasrigal.fr\\\/#\\\/schema\\\/logo\\\/image\\\/\"}}]}<\/script>\n<!-- \/ Yoast SEO plugin. -->","yoast_head_json":{"title":"R\u00e9servation Yourte ou G\u00eete Mas Rigal - G\u00eetes Masrigal","description":"R\u00e9servation Yourte ou G\u00eete Mas Rigal - G\u00eetes Masrigal","robots":{"index":"index","follow":"follow","max-snippet":"max-snippet:-1","max-image-preview":"max-image-preview:large","max-video-preview":"max-video-preview:-1"},"canonical":"https:\/\/gitesmasrigal.fr\/en\/reservation\/","og_locale":"en_US","og_type":"article","og_title":"R\u00e9servation Yourte ou G\u00eete Mas Rigal - G\u00eetes Masrigal","og_description":"R\u00e9servation Yourte ou G\u00eete Mas Rigal - G\u00eetes Masrigal","og_url":"https:\/\/gitesmasrigal.fr\/en\/reservation\/","og_site_name":"G\u00eetes Masrigal","article_modified_time":"2025-05-04T09:42:48+00:00","twitter_card":"summary_large_image","twitter_misc":{"Est. reading time":"1 minute"},"schema":{"@context":"https:\/\/schema.org","@graph":[{"@type":"WebPage","@id":"https:\/\/gitesmasrigal.fr\/reservation\/","url":"https:\/\/gitesmasrigal.fr\/reservation\/","name":"R\u00e9servation Yourte ou G\u00eete Mas Rigal - G\u00eetes Masrigal","isPartOf":{"@id":"https:\/\/gitesmasrigal.fr\/#website"},"datePublished":"2025-04-30T13:29:03+00:00","dateModified":"2025-05-04T09:42:48+00:00","description":"R\u00e9servation Yourte ou G\u00eete Mas Rigal - G\u00eetes Masrigal","breadcrumb":{"@id":"https:\/\/gitesmasrigal.fr\/reservation\/#breadcrumb"},"inLanguage":"en-US","potentialAction":[{"@type":"ReadAction","target":["https:\/\/gitesmasrigal.fr\/reservation\/"]}]},{"@type":"BreadcrumbList","@id":"https:\/\/gitesmasrigal.fr\/reservation\/#breadcrumb","itemListElement":[{"@type":"ListItem","position":1,"name":"Accueil","item":"https:\/\/gitesmasrigal.fr\/"},{"@type":"ListItem","position":2,"name":"R\u00e9servation Yourte ou G\u00eete Mas Rigal"}]},{"@type":"WebSite","@id":"https:\/\/gitesmasrigal.fr\/#website","url":"https:\/\/gitesmasrigal.fr\/","name":"L'atelier de Deco de Sol\u00e8ne","description":"H\u00e9bergement insolite - Yourte sur l&#039;Aubrac","publisher":{"@id":"https:\/\/gitesmasrigal.fr\/#organization"},"alternateName":"Architecte d'Int\u00e9rieur","potentialAction":[{"@type":"SearchAction","target":{"@type":"EntryPoint","urlTemplate":"https:\/\/gitesmasrigal.fr\/?s={search_term_string}"},"query-input":{"@type":"PropertyValueSpecification","valueRequired":true,"valueName":"search_term_string"}}],"inLanguage":"en-US"},{"@type":"Organization","@id":"https:\/\/gitesmasrigal.fr\/#organization","name":"L'atelier de Deco de Sol\u00e8ne","url":"https:\/\/gitesmasrigal.fr\/","logo":{"@type":"ImageObject","inLanguage":"en-US","@id":"https:\/\/gitesmasrigal.fr\/#\/schema\/logo\/image\/","url":"https:\/\/gitesmasrigal.fr\/wp-content\/uploads\/2025\/02\/cropped-logo-Mas-Rigal-Aveyron-1.png","contentUrl":"https:\/\/gitesmasrigal.fr\/wp-content\/uploads\/2025\/02\/cropped-logo-Mas-Rigal-Aveyron-1.png","width":1652,"height":624,"caption":"L'atelier de Deco de Sol\u00e8ne"},"image":{"@id":"https:\/\/gitesmasrigal.fr\/#\/schema\/logo\/image\/"}}]}},"_links":{"self":[{"href":"https:\/\/gitesmasrigal.fr\/en\/wp-json\/wp\/v2\/pages\/759","targetHints":{"allow":["GET"]}}],"collection":[{"href":"https:\/\/gitesmasrigal.fr\/en\/wp-json\/wp\/v2\/pages"}],"about":[{"href":"https:\/\/gitesmasrigal.fr\/en\/wp-json\/wp\/v2\/types\/page"}],"author":[{"embeddable":true,"href":"https:\/\/gitesmasrigal.fr\/en\/wp-json\/wp\/v2\/users\/2"}],"replies":[{"embeddable":true,"href":"https:\/\/gitesmasrigal.fr\/en\/wp-json\/wp\/v2\/comments?post=759"}],"version-history":[{"count":5,"href":"https:\/\/gitesmasrigal.fr\/en\/wp-json\/wp\/v2\/pages\/759\/revisions"}],"predecessor-version":[{"id":832,"href":"https:\/\/gitesmasrigal.fr\/en\/wp-json\/wp\/v2\/pages\/759\/revisions\/832"}],"wp:attachment":[{"href":"https:\/\/gitesmasrigal.fr\/en\/wp-json\/wp\/v2\/media?parent=759"}],"curies":[{"name":"wp","href":"https:\/\/api.w.org\/{rel}","templated":true}]}}